{"id":1074,"date":"2020-10-26T13:44:34","date_gmt":"2020-10-26T12:44:34","guid":{"rendered":"https:\/\/kunst.bibibo.de\/?page_id=1074"},"modified":"2020-10-26T13:44:34","modified_gmt":"2020-10-26T12:44:34","slug":"tanz","status":"publish","type":"page","link":"https:\/\/kunst.bibibo.info\/?page_id=1074","title":{"rendered":"Tanz"},"content":{"rendered":"\n<p><strong><a rel=\"noreferrer noopener\" href=\"https:\/\/de.wikipedia.org\/wiki\/Tanz\" target=\"_blank\">Tanz<\/a><\/strong>, K\u00f6rperbewegungen, h\u00e4ufig zu Musik, als Ausdrucksform, die unter anderem als Ritual, als professionelle B\u00fchnenkunst, als Freizeitaktivit\u00e4t oder als spezielle Sportart gelebt werden, begleiten die Menschheit wohl schon seit Beginn an. Wir kennen Jagdt\u00e4nze, folkloristischen, historischen und spirituellern Tanz, B\u00fchnen und Showtanz, Gesellschaftst\u00e4nze, Tanzsport und viele mehr. Wegen der \u00c4sthetik der Beweungen, der Emotionalit\u00e4t sind T\u00e4nze beliebt und zudem, wegen der Bewegung und hohen Koordinationsleistung, gesund; sogar eine sehr wirksame Demenzprophylaxe.<\/p>\n\n\n\n<p>In Biebertal bin ich bislang auf folgende Tanzarten gesto\u00dfen, die angeboten werden:<\/p>\n\n\n\n<div class=\"wp-block-columns is-layout-flex wp-container-core-columns-is-layout-28f84493 wp-block-columns-is-layout-flex\">\n<div class=\"wp-block-column is-layout-flow wp-block-column-is-layout-flow\">\n<figure class=\"wp-block-image\"><img decoding=\"async\" src=\"https:\/\/kunst.bibibo.info\/wp-content\/uploads\/2020\/10\/image-10.png\" alt=\"Dieses Bild hat ein leeres Alt-Attribut. Der Dateiname ist image-10.png\"\/><figcaption>Standard- und Latein<\/figcaption><\/figure>\n\n\n\n<figure class=\"wp-block-image\"><img decoding=\"async\" src=\"https:\/\/kunst.bibibo.info\/wp-content\/uploads\/2020\/10\/image-15.png\" alt=\"Dieses Bild hat ein leeres Alt-Attribut. Der Dateiname ist image-15.png\"\/><figcaption>Show-Tanz<\/figcaption><\/figure>\n<\/div>\n\n\n\n<div class=\"wp-block-column is-layout-flow wp-block-column-is-layout-flow\">\n<figure class=\"wp-block-image\"><img decoding=\"async\" src=\"https:\/\/kunst.bibibo.info\/wp-content\/uploads\/2020\/10\/image-16.png\" alt=\"Dieses Bild hat ein leeres Alt-Attribut. Der Dateiname ist image-16.png\"\/><figcaption>Line-Dance<br><br>verschiedene Kindertanzgruppen<\/figcaption><\/figure>\n\n\n\n<figure class=\"wp-block-image\"><img decoding=\"async\" src=\"https:\/\/kunst.bibibo.info\/wp-content\/uploads\/2020\/10\/image-13.png\" alt=\"Dieses Bild hat ein leeres Alt-Attribut. Der Dateiname ist image-13.png\"\/><figcaption>Gardetanz<\/figcaption><\/figure>\n<\/div>\n\n\n\n<div class=\"wp-block-column is-layout-flow wp-block-column-is-layout-flow\">\n<figure class=\"wp-block-image\"><img decoding=\"async\" src=\"https:\/\/kunst.bibibo.info\/wp-content\/uploads\/2020\/10\/image-11.png\" alt=\"Dieses Bild hat ein leeres Alt-Attribut. Der Dateiname ist image-11.png\"\/><\/figure>\n\n\n\n<figure class=\"wp-block-image\"><img decoding=\"async\" src=\"https:\/\/kunst.bibibo.info\/wp-content\/uploads\/2020\/10\/image-12.png\" alt=\"Dieses Bild hat ein leeres Alt-Attribut. Der Dateiname ist image-12.png\"\/><figcaption>Baby-Dance<\/figcaption><\/figure>\n<\/div>\n<\/div>\n","protected":false},"excerpt":{"rendered":"<p>Tanz, K\u00f6rperbewegungen, h\u00e4ufig zu Musik, als Ausdrucksform, die unter anderem als Ritual, als professionelle B\u00fchnenkunst, als Freizeitaktivit\u00e4t oder als spezielle Sportart gelebt werden, begleiten die Menschheit wohl schon seit Beginn an. Wir kennen Jagdt\u00e4nze, folkloristischen, historischen und spirituellern Tanz, B\u00fchnen und Showtanz, Gesellschaftst\u00e4nze, Tanzsport und viele mehr. Wegen der \u00c4sthetik der Beweungen, der Emotionalit\u00e4t sind &hellip; <\/p>\n<p class=\"link-more\"><a href=\"https:\/\/kunst.bibibo.info\/?page_id=1074\" class=\"more-link\">Mehr <span class=\"screen-reader-text\">\u00fcber &#8222;Tanz&#8220; <\/span>Lesen<\/a><\/p>\n","protected":false},"author":3,"featured_media":0,"parent":0,"menu_order":0,"comment_status":"closed","ping_status":"closed","template":"","meta":{"inspiro_hide_title":false,"footnotes":""},"class_list":["post-1074","page","type-page","status-publish","hentry"],"_links":{"self":[{"href":"https:\/\/kunst.bibibo.info\/index.php?rest_route=\/wp\/v2\/pages\/1074","targetHints":{"allow":["GET"]}}],"collection":[{"href":"https:\/\/kunst.bibibo.info\/index.php?rest_route=\/wp\/v2\/pages"}],"about":[{"href":"https:\/\/kunst.bibibo.info\/index.php?rest_route=\/wp\/v2\/types\/page"}],"author":[{"embeddable":true,"href":"https:\/\/kunst.bibibo.info\/index.php?rest_route=\/wp\/v2\/users\/3"}],"replies":[{"embeddable":true,"href":"https:\/\/kunst.bibibo.info\/index.php?rest_route=%2Fwp%2Fv2%2Fcomments&post=1074"}],"version-history":[{"count":1,"href":"https:\/\/kunst.bibibo.info\/index.php?rest_route=\/wp\/v2\/pages\/1074\/revisions"}],"predecessor-version":[{"id":1075,"href":"https:\/\/kunst.bibibo.info\/index.php?rest_route=\/wp\/v2\/pages\/1074\/revisions\/1075"}],"wp:attachment":[{"href":"https:\/\/kunst.bibibo.info\/index.php?rest_route=%2Fwp%2Fv2%2Fmedia&parent=1074"}],"curies":[{"name":"wp","href":"https:\/\/api.w.org\/{rel}","templated":true}]}}