{"id":323,"date":"2020-05-03T11:09:37","date_gmt":"2020-05-03T09:09:37","guid":{"rendered":"https:\/\/kunst.bibibo.de\/?page_id=323"},"modified":"2021-02-23T11:00:23","modified_gmt":"2021-02-23T10:00:23","slug":"fotografie-2","status":"publish","type":"page","link":"https:\/\/kunst.bibibo.info\/?page_id=323","title":{"rendered":"Fotografie-Themen"},"content":{"rendered":"\n<p>Die Fotographie ist zumeist eine Leidenschaft, egal ob sie professionell oder als Hobby betrieben wird.<br>Es ist faszinierend, einen Moment oder einen Ort in der Zeit &#8222;einzufangen&#8220;, ja &#8222;festzuhalten&#8220; und kleine Kunstwerke zu schaffen oder etwas aus einem besonderen Blickwinkel zu zeigen; realistisch oder verfremdet, mit einer Kamera oder, heutzutage schlicht mit dem Handy, das man bei sich tr\u00e4gt.<br>Nat\u00fcrlich sind <a rel=\"noreferrer noopener\" href=\"https:\/\/kunst.bibibo.info\/fotografie\/\" target=\"_blank\">auch in Biebertal einige Mitmenschen von diesem &#8222;Virus&#8220; (*) zu fotografieren infiziert<\/a>.<\/p>\n\n\n\n<p class=\"has-small-font-size\">*) &#8222;<strong>Virus<\/strong>&#8220; schreibe ich, da dieses Wort 2020 pl\u00f6tzlich in aller Munde ist; aber auch, da ein Virus eine chemische Kopieranleitung ist, um Vervielf\u00e4ltigungen seiner Selbst herzustellen. So manchem Fotografen w\u00fcrde es gefallen, wenn ihre\/seine Bilder derart bekannt w\u00fcrden.<\/p>\n\n\n\n<p>Wikipedia beschreibt <a href=\"https:\/\/de.wikipedia.org\/wiki\/Fotografie\" target=\"_blank\" rel=\"noreferrer noopener\"><strong>Fotografie <\/strong><\/a>und <a href=\"https:\/\/de.wikipedia.org\/wiki\/Geschichte_und_Entwicklung_der_Fotografie\" target=\"_blank\" rel=\"noreferrer noopener\"><strong>Fotografiegeschichte<\/strong><\/a>.<\/p>\n\n\n\n<div class=\"wp-block-columns is-layout-flex wp-container-core-columns-is-layout-28f84493 wp-block-columns-is-layout-flex\">\n<div class=\"wp-block-column is-layout-flow wp-block-column-is-layout-flow\">\n<h3 class=\"has-text-align-center wp-block-heading\"><strong>Landschaft<\/strong>sbilder<\/h3>\n\n\n\n<figure class=\"wp-block-image size-large\"><img loading=\"lazy\" decoding=\"async\" width=\"1024\" height=\"576\" src=\"https:\/\/kunst.bibibo.info\/wp-content\/uploads\/2020\/06\/20190929_090948-1024x576.jpg\" alt=\"\" class=\"wp-image-692\" srcset=\"https:\/\/kunst.bibibo.info\/wp-content\/uploads\/2020\/06\/20190929_090948-1024x576.jpg 1024w, https:\/\/kunst.bibibo.info\/wp-content\/uploads\/2020\/06\/20190929_090948-300x169.jpg 300w, https:\/\/kunst.bibibo.info\/wp-content\/uploads\/2020\/06\/20190929_090948-768x432.jpg 768w, https:\/\/kunst.bibibo.info\/wp-content\/uploads\/2020\/06\/20190929_090948-1536x864.jpg 1536w, https:\/\/kunst.bibibo.info\/wp-content\/uploads\/2020\/06\/20190929_090948-2048x1152.jpg 2048w\" sizes=\"auto, (max-width: 1024px) 100vw, 1024px\" \/><figcaption>Vetzberg am Morgen<\/figcaption><\/figure>\n\n\n\n<h3 class=\"has-text-align-center wp-block-heading\">Menschen<\/h3>\n\n\n\n<div class=\"wp-block-image\"><figure class=\"aligncenter\"><img decoding=\"async\" src=\"https:\/\/kunst.bibibo.info\/wp-content\/uploads\/2020\/06\/Seniorenwerkstatt.png\" alt=\"Dieses Bild hat ein leeres Alt-Attribut. Der Dateiname ist Seniorenwerkstatt.png\"\/><figcaption>Seniorenwerkstatt<\/figcaption><\/figure><\/div>\n\n\n\n<h3 class=\"has-text-align-center wp-block-heading\">Pflanzen<\/h3>\n\n\n\n<div class=\"wp-block-image\"><figure class=\"aligncenter size-large\"><img loading=\"lazy\" decoding=\"async\" width=\"1024\" height=\"768\" src=\"https:\/\/kunst.bibibo.info\/wp-content\/uploads\/2020\/10\/photo_2020-10-05_Rosen-1024x768.jpg\" alt=\"\" class=\"wp-image-932\" srcset=\"https:\/\/kunst.bibibo.info\/wp-content\/uploads\/2020\/10\/photo_2020-10-05_Rosen-1024x768.jpg 1024w, https:\/\/kunst.bibibo.info\/wp-content\/uploads\/2020\/10\/photo_2020-10-05_Rosen-300x225.jpg 300w, https:\/\/kunst.bibibo.info\/wp-content\/uploads\/2020\/10\/photo_2020-10-05_Rosen-768x576.jpg 768w, https:\/\/kunst.bibibo.info\/wp-content\/uploads\/2020\/10\/photo_2020-10-05_Rosen.jpg 1280w\" sizes=\"auto, (max-width: 1024px) 100vw, 1024px\" \/><\/figure><\/div>\n\n\n\n<p><\/p>\n<\/div>\n\n\n\n<div class=\"wp-block-column is-layout-flow wp-block-column-is-layout-flow\">\n<h3 class=\"has-text-align-center wp-block-heading\"><strong>Ereignisse<\/strong><\/h3>\n\n\n\n<div class=\"wp-block-image\"><figure class=\"aligncenter size-large\"><img loading=\"lazy\" decoding=\"async\" width=\"166\" height=\"142\" src=\"https:\/\/kunst.bibibo.info\/wp-content\/uploads\/2020\/10\/image-24.png\" alt=\"\" class=\"wp-image-1120\"\/><figcaption>Nordlicht<\/figcaption><\/figure><\/div>\n\n\n\n<h3 class=\"has-text-align-center wp-block-heading\">Portrait<\/h3>\n\n\n\n<div class=\"wp-block-image\"><figure class=\"aligncenter size-large is-resized\"><img loading=\"lazy\" decoding=\"async\" src=\"https:\/\/kunst.bibibo.info\/wp-content\/uploads\/2021\/02\/photo_2021-02-11_19-58-06-768x1024.jpg\" alt=\"\" class=\"wp-image-1500\" width=\"112\" height=\"150\" srcset=\"https:\/\/kunst.bibibo.info\/wp-content\/uploads\/2021\/02\/photo_2021-02-11_19-58-06-768x1024.jpg 768w, https:\/\/kunst.bibibo.info\/wp-content\/uploads\/2021\/02\/photo_2021-02-11_19-58-06-225x300.jpg 225w, https:\/\/kunst.bibibo.info\/wp-content\/uploads\/2021\/02\/photo_2021-02-11_19-58-06.jpg 960w\" sizes=\"auto, (max-width: 112px) 100vw, 112px\" \/><\/figure><\/div>\n\n\n\n<h3 class=\"has-text-align-center wp-block-heading\">Tiere<\/h3>\n\n\n\n<div class=\"wp-block-image\"><figure class=\"aligncenter size-large\"><img loading=\"lazy\" decoding=\"async\" width=\"1024\" height=\"576\" src=\"https:\/\/kunst.bibibo.info\/wp-content\/uploads\/2020\/10\/20200726_181118-1024x576.jpg\" alt=\"\" class=\"wp-image-934\" srcset=\"https:\/\/kunst.bibibo.info\/wp-content\/uploads\/2020\/10\/20200726_181118-1024x576.jpg 1024w, https:\/\/kunst.bibibo.info\/wp-content\/uploads\/2020\/10\/20200726_181118-300x169.jpg 300w, https:\/\/kunst.bibibo.info\/wp-content\/uploads\/2020\/10\/20200726_181118-768x432.jpg 768w, https:\/\/kunst.bibibo.info\/wp-content\/uploads\/2020\/10\/20200726_181118-1536x864.jpg 1536w, https:\/\/kunst.bibibo.info\/wp-content\/uploads\/2020\/10\/20200726_181118-2048x1152.jpg 2048w\" sizes=\"auto, (max-width: 1024px) 100vw, 1024px\" \/><\/figure><\/div>\n\n\n\n<h3 class=\"has-text-align-center wp-block-heading\"><strong>Veranstaltungen<\/strong><\/h3>\n\n\n\n<figure class=\"wp-block-image size-large\"><img loading=\"lazy\" decoding=\"async\" width=\"758\" height=\"291\" src=\"https:\/\/kunst.bibibo.info\/wp-content\/uploads\/2020\/05\/image-10.png\" alt=\"\" class=\"wp-image-303\" srcset=\"https:\/\/kunst.bibibo.info\/wp-content\/uploads\/2020\/05\/image-10.png 758w, https:\/\/kunst.bibibo.info\/wp-content\/uploads\/2020\/05\/image-10-300x115.png 300w\" sizes=\"auto, (max-width: 758px) 100vw, 758px\" \/><\/figure>\n<\/div>\n\n\n\n<div class=\"wp-block-column is-layout-flow wp-block-column-is-layout-flow\">\n<h3 class=\"has-text-align-center wp-block-heading\">Bauwerke \/ Orte<\/h3>\n\n\n\n<div class=\"wp-block-image\"><figure class=\"aligncenter size-large\"><img loading=\"lazy\" decoding=\"async\" width=\"154\" height=\"147\" src=\"https:\/\/kunst.bibibo.info\/wp-content\/uploads\/2020\/10\/image-6.png\" alt=\"\" class=\"wp-image-938\"\/><figcaption>Fachwerkhaus<\/figcaption><\/figure><\/div>\n\n\n\n<h3 class=\"has-text-align-center wp-block-heading\">Hochzeitsfotografie<\/h3>\n\n\n\n<div class=\"wp-block-image\"><figure class=\"aligncenter size-large is-resized\"><img loading=\"lazy\" decoding=\"async\" src=\"https:\/\/kunst.bibibo.info\/wp-content\/uploads\/2020\/10\/image-25.png\" alt=\"\" class=\"wp-image-1127\" width=\"137\" height=\"150\" srcset=\"https:\/\/kunst.bibibo.info\/wp-content\/uploads\/2020\/10\/image-25.png 464w, https:\/\/kunst.bibibo.info\/wp-content\/uploads\/2020\/10\/image-25-272x300.png 272w\" sizes=\"auto, (max-width: 137px) 100vw, 137px\" \/><\/figure><\/div>\n\n\n\n<h3 class=\"has-text-align-center wp-block-heading\">Technik<\/h3>\n\n\n\n<div class=\"wp-block-image\"><figure class=\"aligncenter size-large is-resized\"><img loading=\"lazy\" decoding=\"async\" src=\"https:\/\/kunst.bibibo.info\/wp-content\/uploads\/2020\/10\/20200730_095428-576x1024.jpg\" alt=\"\" class=\"wp-image-1126\" width=\"162\" height=\"288\"\/><\/figure><\/div>\n<\/div>\n<\/div>\n","protected":false},"excerpt":{"rendered":"<p>Die Fotographie ist zumeist eine Leidenschaft, egal ob sie professionell oder als Hobby betrieben wird.Es ist faszinierend, einen Moment oder einen Ort in der Zeit &#8222;einzufangen&#8220;, ja &#8222;festzuhalten&#8220; und kleine Kunstwerke zu schaffen oder etwas aus einem besonderen Blickwinkel zu zeigen; realistisch oder verfremdet, mit einer Kamera oder, heutzutage schlicht mit dem Handy, das man &hellip; <\/p>\n<p class=\"link-more\"><a href=\"https:\/\/kunst.bibibo.info\/?page_id=323\" class=\"more-link\">Mehr <span class=\"screen-reader-text\">\u00fcber &#8222;Fotografie-Themen&#8220; <\/span>Lesen<\/a><\/p>\n","protected":false},"author":3,"featured_media":0,"parent":0,"menu_order":0,"comment_status":"closed","ping_status":"closed","template":"","meta":{"inspiro_hide_title":false,"footnotes":""},"class_list":["post-323","page","type-page","status-publish","hentry"],"_links":{"self":[{"href":"https:\/\/kunst.bibibo.info\/index.php?rest_route=\/wp\/v2\/pages\/323","targetHints":{"allow":["GET"]}}],"collection":[{"href":"https:\/\/kunst.bibibo.info\/index.php?rest_route=\/wp\/v2\/pages"}],"about":[{"href":"https:\/\/kunst.bibibo.info\/index.php?rest_route=\/wp\/v2\/types\/page"}],"author":[{"embeddable":true,"href":"https:\/\/kunst.bibibo.info\/index.php?rest_route=\/wp\/v2\/users\/3"}],"replies":[{"embeddable":true,"href":"https:\/\/kunst.bibibo.info\/index.php?rest_route=%2Fwp%2Fv2%2Fcomments&post=323"}],"version-history":[{"count":21,"href":"https:\/\/kunst.bibibo.info\/index.php?rest_route=\/wp\/v2\/pages\/323\/revisions"}],"predecessor-version":[{"id":1573,"href":"https:\/\/kunst.bibibo.info\/index.php?rest_route=\/wp\/v2\/pages\/323\/revisions\/1573"}],"wp:attachment":[{"href":"https:\/\/kunst.bibibo.info\/index.php?rest_route=%2Fwp%2Fv2%2Fmedia&parent=323"}],"curies":[{"name":"wp","href":"https:\/\/api.w.org\/{rel}","templated":true}]}}