{"id":342,"date":"2020-05-03T11:17:47","date_gmt":"2020-05-03T09:17:47","guid":{"rendered":"https:\/\/kunst.bibibo.de\/?page_id=342"},"modified":"2023-07-10T10:23:38","modified_gmt":"2023-07-10T08:23:38","slug":"musik-2","status":"publish","type":"page","link":"https:\/\/kunst.bibibo.info\/?page_id=342","title":{"rendered":"Musik"},"content":{"rendered":"\n<p>In Biebertal l\u00e4sst sich auch im Bereich der Musik spannendes finden; <br>vom Komponisten \u00fcber S\u00e4ngerinnen und S\u00e4nger, DJ\u00b4s, Solisten, Duos, Bands bis Bigbands und viele mehr; selbst Instrumentenbauer, verschiedenste Instrumentalvirtuosen von der Okulele bis zur Orgel &#8230; und immer wieder Kunstevents zu verschiedensten Anl\u00e4ssen und in den Orten, wie in unterschiedlichsten \u00d6rtlichkeiten.<\/p>\n\n\n\n<p>Hier nur erste Eindr\u00fccke &#8230; wir sammelen weiter &#8230; und nehmen gern Ihre Beitr\u00e4ge in unsere Galerie auf.<br><strong>Mehr noch \u00fcber die obere Leiste &#8222;K\u00fcnster\/innen, Infos, Galerien&#8220;<\/strong><\/p>\n\n\n\n<div class=\"wp-block-columns is-layout-flex wp-container-core-columns-is-layout-28f84493 wp-block-columns-is-layout-flex\">\n<div class=\"wp-block-column is-layout-flow wp-block-column-is-layout-flow\">\n<figure class=\"wp-block-image aligncenter\"><img decoding=\"async\" src=\"https:\/\/kunst.bibibo.info\/wp-content\/uploads\/2020\/07\/image-7-1024x415.png\" alt=\"\"\/><figcaption class=\"wp-element-caption\"><strong><a href=\"https:\/\/kunst.bibibo.info\/galerie-3-sing-swing\/\">Sing &amp; Swing<\/a><\/strong><a href=\"https:\/\/kunst.bibibo.info\/galerie-3-sing-swing\/\" target=\"_blank\" rel=\"noreferrer noopener\"> &#8211; Chor Eintracht Rodheim<\/a> <\/figcaption><\/figure>\n\n\n\n<figure class=\"wp-block-image aligncenter size-large is-resized\"><img loading=\"lazy\" decoding=\"async\" src=\"https:\/\/kunst.bibibo.info\/wp-content\/uploads\/2020\/10\/M\u00e4nnerchor.png\" alt=\"\" class=\"wp-image-900\" width=\"205\" height=\"131\"\/><figcaption class=\"wp-element-caption\"><strong>Biebertaler M\u00e4ncherchor<\/strong><\/figcaption><\/figure>\n\n\n\n<figure class=\"wp-block-image size-large is-resized\"><img loading=\"lazy\" decoding=\"async\" src=\"https:\/\/kunst.bibibo.info\/wp-content\/uploads\/2020\/10\/Concordia-Fellingshausen.png\" alt=\"\" class=\"wp-image-901\" width=\"272\" height=\"112\" srcset=\"https:\/\/kunst.bibibo.info\/wp-content\/uploads\/2020\/10\/Concordia-Fellingshausen.png 997w, https:\/\/kunst.bibibo.info\/wp-content\/uploads\/2020\/10\/Concordia-Fellingshausen-300x125.png 300w, https:\/\/kunst.bibibo.info\/wp-content\/uploads\/2020\/10\/Concordia-Fellingshausen-768x319.png 768w\" sizes=\"auto, (max-width: 272px) 100vw, 272px\" \/><figcaption class=\"wp-element-caption\">ehemals: <strong>Concordia Fellingshausen<\/strong><\/figcaption><\/figure>\n\n\n\n<figure class=\"wp-block-image size-large\"><img loading=\"lazy\" decoding=\"async\" width=\"837\" height=\"369\" src=\"https:\/\/kunst.bibibo.info\/wp-content\/uploads\/2020\/10\/image-2.png\" alt=\"\" class=\"wp-image-904\" srcset=\"https:\/\/kunst.bibibo.info\/wp-content\/uploads\/2020\/10\/image-2.png 837w, https:\/\/kunst.bibibo.info\/wp-content\/uploads\/2020\/10\/image-2-300x132.png 300w, https:\/\/kunst.bibibo.info\/wp-content\/uploads\/2020\/10\/image-2-768x339.png 768w\" sizes=\"auto, (max-width: 837px) 100vw, 837px\" \/><figcaption class=\"wp-element-caption\"><strong><a href=\"https:\/\/fellingshausen.biebertaler-bilderbogen.de\/original-blaue-fuechse\/\" target=\"_blank\" rel=\"noreferrer noopener\">Original Blaue F\u00fcchse<\/a><\/strong><\/figcaption><\/figure>\n\n\n\n<p class=\"has-text-align-center\"><strong>Liste <\/strong><a href=\"https:\/\/www.biebertal.de\/freizeit-kultur\/vereine\/vereine-in-biebertal\/gesangsvereine.html\" target=\"_blank\" rel=\"noreferrer noopener\">Biebertaler Gesangvereine<\/a> <\/p>\n<\/div>\n\n\n\n<div class=\"wp-block-column is-layout-flow wp-block-column-is-layout-flow\">\n<figure class=\"wp-block-image aligncenter size-full\"><img loading=\"lazy\" decoding=\"async\" width=\"1024\" height=\"768\" src=\"https:\/\/kunst.bibibo.info\/wp-content\/uploads\/2020\/10\/Biebertaler-Posaunenchor-1-1.jpg\" alt=\"Posaunenchor\" class=\"wp-image-955\" srcset=\"https:\/\/kunst.bibibo.info\/wp-content\/uploads\/2020\/10\/Biebertaler-Posaunenchor-1-1.jpg 1024w, https:\/\/kunst.bibibo.info\/wp-content\/uploads\/2020\/10\/Biebertaler-Posaunenchor-1-1-300x225.jpg 300w, https:\/\/kunst.bibibo.info\/wp-content\/uploads\/2020\/10\/Biebertaler-Posaunenchor-1-1-768x576.jpg 768w\" sizes=\"auto, (max-width: 1024px) 100vw, 1024px\" \/><figcaption class=\"wp-element-caption\">ehemals: <strong>Posaunenchor Rodheim<\/strong><\/figcaption><\/figure>\n\n\n\n<figure class=\"wp-block-image aligncenter size-full\"><img loading=\"lazy\" decoding=\"async\" width=\"431\" height=\"645\" src=\"https:\/\/kunst.bibibo.info\/wp-content\/uploads\/2020\/12\/Michael-Bierschenk.jpg\" alt=\"Portrait-Michael-Bierschenk\" class=\"wp-image-1233\" srcset=\"https:\/\/kunst.bibibo.info\/wp-content\/uploads\/2020\/12\/Michael-Bierschenk.jpg 431w, https:\/\/kunst.bibibo.info\/wp-content\/uploads\/2020\/12\/Michael-Bierschenk-200x300.jpg 200w\" sizes=\"auto, (max-width: 431px) 100vw, 431px\" \/><figcaption class=\"wp-element-caption\">Gitarrenschule Biebertal<\/figcaption><\/figure>\n<\/div>\n\n\n\n<div class=\"wp-block-column is-layout-flow wp-block-column-is-layout-flow\">\n<figure class=\"wp-block-image size-large is-resized\"><a href=\"https:\/\/amkirchlein.de\/bad-boy\/\"><img loading=\"lazy\" decoding=\"async\" src=\"https:\/\/kunst.bibibo.info\/wp-content\/uploads\/2020\/10\/image-1.png\" alt=\"\" class=\"wp-image-895\" width=\"240\" height=\"143\" srcset=\"https:\/\/kunst.bibibo.info\/wp-content\/uploads\/2020\/10\/image-1.png 784w, https:\/\/kunst.bibibo.info\/wp-content\/uploads\/2020\/10\/image-1-300x179.png 300w, https:\/\/kunst.bibibo.info\/wp-content\/uploads\/2020\/10\/image-1-768x457.png 768w\" sizes=\"auto, (max-width: 240px) 100vw, 240px\" \/><\/a><figcaption class=\"wp-element-caption\">Dieter Faust und die<strong> <a href=\"https:\/\/amkirchlein.de\/bad-boy\/\" target=\"_blank\" rel=\"noreferrer noopener\">&#8222;Bad Boys&#8220;<\/a><\/strong><\/figcaption><\/figure>\n\n\n\n<figure class=\"wp-block-image aligncenter is-resized\"><img loading=\"lazy\" decoding=\"async\" src=\"https:\/\/kunst.bibibo.info\/wp-content\/uploads\/2020\/10\/letz-vetz.jpg\" alt=\"Dieses Bild hat ein leeres Alt-Attribut. Der Dateiname ist letz-vetz.jpg\" width=\"180\" height=\"179\"\/><figcaption class=\"wp-element-caption\"><strong><a rel=\"noreferrer noopener\" href=\"https:\/\/nachrichten.biebertaler-bilderbogen.de\/biebertal-vetzberg-klingt-jetzt-lets-vetz\/\" target=\"_blank\">\u201eLet\u00b4s Vetz\u201c<\/a><\/strong><\/figcaption><\/figure>\n\n\n\n<figure class=\"wp-block-image size-full is-resized\"><img loading=\"lazy\" decoding=\"async\" src=\"https:\/\/kunst.bibibo.info\/wp-content\/uploads\/2023\/07\/image.png\" alt=\"\" class=\"wp-image-17446\" width=\"175\" height=\"242\" srcset=\"https:\/\/kunst.bibibo.info\/wp-content\/uploads\/2023\/07\/image.png 250w, https:\/\/kunst.bibibo.info\/wp-content\/uploads\/2023\/07\/image-217x300.png 217w\" sizes=\"auto, (max-width: 175px) 100vw, 175px\" \/><\/figure>\n\n\n\n<p><a rel=\"noreferrer noopener\" href=\"https:\/\/www.giessener-anzeiger.de\/lokales\/kreis-giessen\/staufenberg\/liedermacher-jurgen-krist-zu-gast-im-daubringer-kulturcafe_22373805?origin=cce\" target=\"_blank\"><strong>J\u00fcrgen Krist, <\/strong><\/a>Liedermacher<\/p>\n<\/div>\n<\/div>\n","protected":false},"excerpt":{"rendered":"<p>In Biebertal l\u00e4sst sich auch im Bereich der Musik spannendes finden; vom Komponisten \u00fcber S\u00e4ngerinnen und S\u00e4nger, DJ\u00b4s, Solisten, Duos, Bands bis Bigbands und viele mehr; selbst Instrumentenbauer, verschiedenste Instrumentalvirtuosen von der Okulele bis zur Orgel &#8230; und immer wieder Kunstevents zu verschiedensten Anl\u00e4ssen und in den Orten, wie in unterschiedlichsten \u00d6rtlichkeiten. Hier nur erste &hellip; <\/p>\n<p class=\"link-more\"><a href=\"https:\/\/kunst.bibibo.info\/?page_id=342\" class=\"more-link\">Mehr <span class=\"screen-reader-text\">\u00fcber &#8222;Musik&#8220; <\/span>Lesen<\/a><\/p>\n","protected":false},"author":3,"featured_media":0,"parent":0,"menu_order":0,"comment_status":"closed","ping_status":"closed","template":"","meta":{"inspiro_hide_title":false,"footnotes":""},"class_list":["post-342","page","type-page","status-publish","hentry"],"_links":{"self":[{"href":"https:\/\/kunst.bibibo.info\/index.php?rest_route=\/wp\/v2\/pages\/342","targetHints":{"allow":["GET"]}}],"collection":[{"href":"https:\/\/kunst.bibibo.info\/index.php?rest_route=\/wp\/v2\/pages"}],"about":[{"href":"https:\/\/kunst.bibibo.info\/index.php?rest_route=\/wp\/v2\/types\/page"}],"author":[{"embeddable":true,"href":"https:\/\/kunst.bibibo.info\/index.php?rest_route=\/wp\/v2\/users\/3"}],"replies":[{"embeddable":true,"href":"https:\/\/kunst.bibibo.info\/index.php?rest_route=%2Fwp%2Fv2%2Fcomments&post=342"}],"version-history":[{"count":15,"href":"https:\/\/kunst.bibibo.info\/index.php?rest_route=\/wp\/v2\/pages\/342\/revisions"}],"predecessor-version":[{"id":17451,"href":"https:\/\/kunst.bibibo.info\/index.php?rest_route=\/wp\/v2\/pages\/342\/revisions\/17451"}],"wp:attachment":[{"href":"https:\/\/kunst.bibibo.info\/index.php?rest_route=%2Fwp%2Fv2%2Fmedia&parent=342"}],"curies":[{"name":"wp","href":"https:\/\/api.w.org\/{rel}","templated":true}]}}