{"id":6,"date":"2020-03-11T15:35:15","date_gmt":"2020-03-11T14:35:15","guid":{"rendered":"https:\/\/kunst.bibibo.de\/?page_id=6"},"modified":"2020-05-30T14:57:49","modified_gmt":"2020-05-30T12:57:49","slug":"impressum","status":"publish","type":"page","link":"https:\/\/kunst.bibibo.info\/?page_id=6","title":{"rendered":"Impressum"},"content":{"rendered":"\n<p class=\"has-medium-font-size\"><strong>Diensteanbieter<\/strong><\/p>\n\n\n\n<p class=\"has-text-align-center\">Winfried Senger<br>Bauroth 14<br>35444 Biebertal<\/p>\n\n\n\n<p class=\"has-text-align-center\"><strong>E-Mail-Adressen<\/strong>: winfried.senger@gmail.com<br>                                          info@biebertaler-bilderbogen.de<br><strong>Telefon<\/strong>: 0177 7797934<\/p>\n\n\n\n<p class=\"has-text-align-center\"><br>Mitglied&nbsp; Deutscher Verband der Pressejournalisten<br>&nbsp;Mtgl.Nr. V23937-EU<br><strong>Internationler Presseausweis bis 2020<br><br><\/strong><\/p>\n\n\n\n<p class=\"has-medium-font-size\"><strong><u>Journalistisch-redaktionelle Inhalte<\/u><\/strong><\/p>\n\n\n\n<p><strong><span class=\"has-inline-color has-black-color\">Inhaltlich\u00a0 verantwortlich sind die Autoren der jeweiligen Beitr\u00e4ge<\/span><\/strong><\/p>\n\n\n\n<p class=\"has-text-align-center has-medium-font-size\"><strong><span class=\"has-inline-color has-primary-color\">Sollten Sie Bildmaterial von sich in einem Beitrag des Biebertaler-Bilderbogens finden und dies nicht w\u00fcnschen, wird dies umgehend korrigiert. <\/span><\/strong><br><strong><span class=\"has-inline-color has-primary-color\">Bitte sprechen Sie uns an, wenn dies der Fall ist.<\/span><\/strong><\/p>\n\n\n\n<p class=\"has-medium-font-size\"><strong>Haftungs- und Urheberrechtshinweise<\/strong><\/p>\n\n\n\n<p><strong>Haftungsausschluss<\/strong>: <br>Die Inhalte dieses Onlineangebotes wurden sorgf\u00e4ltig und nach unserem aktuellen Kenntnisstand erstellt, dienen jedoch nur der Information und entfalten keine rechtlich bindende Wirkung, sofern es sich nicht um gesetzlich verpflichtende Informationen (z.B. das Impressum, die Datenschutzerkl\u00e4rung, AGB oder Widerrufsbelehrungen f\u00fcr Verbraucher) handelt.<\/p>\n\n\n\n<p>Wir behalten uns vor, die Inhalte vollst\u00e4ndig oder teilweise zu \u00e4ndern oder zu l\u00f6schen, soweit vertragliche Verpflichtungen unber\u00fchrt bleiben. Alle Angebote sind freibleibend und unverbindlich.<\/p>\n\n\n\n<p><strong>Links auf fremde Webseiten<\/strong>: <br>Inhalte fremder Webseiten, auf die wir direkt oder indirekt verweisen, liegen au\u00dferhalb unseres Verantwortungsbereiches und machen wir uns nicht zu Eigen.<\/p>\n\n\n\n<p>F\u00fcr alle Inhalte und insbesondere f\u00fcr Sch\u00e4den, die aus der Nutzung der in den verlinkten Webseiten aufrufbaren Informationen entstehen, haftet allein der Anbieter der verlinkten Webseiten.<\/p>\n\n\n\n<p><strong>Urheberrechte und Markenrechte<\/strong>: <br>Alle auf dieser Website dargestellten Inhalte, wie Texte, Fotografien, Grafiken, Marken und Warenzeichen sind durch die jeweiligen Schutzrechte (Urheberrechte, Markenrechte) gesch\u00fctzt. Die Verwendung, Vervielf\u00e4ltigung usw. unterliegen unseren Rechten oder den Rechten der jeweiligen Urheber bzw. Rechteverwalter.<\/p>\n\n\n\n<p><strong>Hinweise auf Rechtsverst\u00f6\u00dfe<\/strong>: <br>Sollten Sie innerhalb unseres Internetauftritts Rechtsverst\u00f6\u00dfe bemerken, bitten wir Sie uns auf diese hinzuweisen. Wir werden rechtswidrige Inhalte und Links nach Kenntnisnahme unverz\u00fcglich entfernen.<\/p>\n\n\n\n<p class=\"has-medium-font-size\"><strong>Bildnachweise<\/strong><\/p>\n\n\n\n<p><strong>Bildquellen und Urheberrechtshinweise<\/strong>:<br>Sofern keine Bildnachweise angegeben wurden: Winfried Senger<\/p>\n\n\n\n<hr class=\"wp-block-separator is-style-wide\"\/>\n\n\n\n<p>Erstellt mit kostenlosem Datenschutz-Generator.de von Dr. Thomas Schwenke<\/p>\n","protected":false},"excerpt":{"rendered":"<p>Diensteanbieter Winfried SengerBauroth 1435444 Biebertal E-Mail-Adressen: winfried.senger@gmail.com info@biebertaler-bilderbogen.deTelefon: 0177 7797934 Mitglied&nbsp; Deutscher Verband der Pressejournalisten&nbsp;Mtgl.Nr. V23937-EUInternationler Presseausweis bis 2020 Journalistisch-redaktionelle Inhalte Inhaltlich\u00a0 verantwortlich sind die Autoren der jeweiligen Beitr\u00e4ge Sollten Sie Bildmaterial von sich in einem Beitrag des Biebertaler-Bilderbogens finden und dies nicht w\u00fcnschen, wird dies umgehend korrigiert. Bitte sprechen Sie uns an, wenn dies &hellip; <\/p>\n<p class=\"link-more\"><a href=\"https:\/\/kunst.bibibo.info\/?page_id=6\" class=\"more-link\">Mehr <span class=\"screen-reader-text\">\u00fcber &#8222;Impressum&#8220; <\/span>Lesen<\/a><\/p>\n","protected":false},"author":1,"featured_media":0,"parent":0,"menu_order":0,"comment_status":"closed","ping_status":"closed","template":"","meta":{"inspiro_hide_title":false,"footnotes":""},"class_list":["post-6","page","type-page","status-publish","hentry"],"_links":{"self":[{"href":"https:\/\/kunst.bibibo.info\/index.php?rest_route=\/wp\/v2\/pages\/6","targetHints":{"allow":["GET"]}}],"collection":[{"href":"https:\/\/kunst.bibibo.info\/index.php?rest_route=\/wp\/v2\/pages"}],"about":[{"href":"https:\/\/kunst.bibibo.info\/index.php?rest_route=\/wp\/v2\/types\/page"}],"author":[{"embeddable":true,"href":"https:\/\/kunst.bibibo.info\/index.php?rest_route=\/wp\/v2\/users\/1"}],"replies":[{"embeddable":true,"href":"https:\/\/kunst.bibibo.info\/index.php?rest_route=%2Fwp%2Fv2%2Fcomments&post=6"}],"version-history":[{"count":3,"href":"https:\/\/kunst.bibibo.info\/index.php?rest_route=\/wp\/v2\/pages\/6\/revisions"}],"predecessor-version":[{"id":578,"href":"https:\/\/kunst.bibibo.info\/index.php?rest_route=\/wp\/v2\/pages\/6\/revisions\/578"}],"wp:attachment":[{"href":"https:\/\/kunst.bibibo.info\/index.php?rest_route=%2Fwp%2Fv2%2Fmedia&parent=6"}],"curies":[{"name":"wp","href":"https:\/\/api.w.org\/{rel}","templated":true}]}}